{"id":372,"date":"2021-11-15T11:52:27","date_gmt":"2021-11-15T11:52:27","guid":{"rendered":"https:\/\/abdullah.com.tr\/?page_id=372"},"modified":"2021-11-22T13:28:26","modified_gmt":"2021-11-22T13:28:26","slug":"pastalar","status":"publish","type":"page","link":"https:\/\/abdullah.com.tr\/?page_id=372","title":{"rendered":"Pastalar"},"content":{"rendered":"\n<figure class=\"wp-block-gallery columns-4 is-cropped wp-block-gallery-1 is-layout-flex wp-block-gallery-is-layout-flex\"><ul class=\"blocks-gallery-grid\"><li class=\"blocks-gallery-item\"><figure><img loading=\"lazy\" decoding=\"async\" width=\"632\" height=\"600\" src=\"https:\/\/abdullah.com.tr\/wp-content\/uploads\/2021\/11\/09-Profiterollu.jpg\" alt=\"\" data-id=\"261\" data-full-url=\"https:\/\/abdullah.com.tr\/wp-content\/uploads\/2021\/11\/09-Profiterollu.jpg\" data-link=\"https:\/\/abdullah.com.tr\/?attachment_id=261\" class=\"wp-image-261\" srcset=\"https:\/\/abdullah.com.tr\/wp-content\/uploads\/2021\/11\/09-Profiterollu.jpg 632w, https:\/\/abdullah.com.tr\/wp-content\/uploads\/2021\/11\/09-Profiterollu-300x285.jpg 300w\" sizes=\"auto, (max-width: 632px) 100vw, 632px\" \/><figcaption class=\"blocks-gallery-item__caption\">Profiteroll\u00fc<\/figcaption><\/figure><\/li><li class=\"blocks-gallery-item\"><figure><img loading=\"lazy\" decoding=\"async\" width=\"694\" height=\"600\" src=\"https:\/\/abdullah.com.tr\/wp-content\/uploads\/2021\/11\/08-Fistikli-Rendeli.jpg\" alt=\"\" data-id=\"260\" data-full-url=\"https:\/\/abdullah.com.tr\/wp-content\/uploads\/2021\/11\/08-Fistikli-Rendeli.jpg\" data-link=\"https:\/\/abdullah.com.tr\/?attachment_id=260\" class=\"wp-image-260\" srcset=\"https:\/\/abdullah.com.tr\/wp-content\/uploads\/2021\/11\/08-Fistikli-Rendeli.jpg 694w, https:\/\/abdullah.com.tr\/wp-content\/uploads\/2021\/11\/08-Fistikli-Rendeli-300x259.jpg 300w\" sizes=\"auto, (max-width: 694px) 100vw, 694px\" \/><figcaption class=\"blocks-gallery-item__caption\">F\u0131st\u0131kl\u0131 Rendeli<\/figcaption><\/figure><\/li><li class=\"blocks-gallery-item\"><figure><img loading=\"lazy\" decoding=\"async\" width=\"672\" height=\"600\" src=\"https:\/\/abdullah.com.tr\/wp-content\/uploads\/2021\/11\/07-Diplomat.jpg\" alt=\"\" data-id=\"259\" data-full-url=\"https:\/\/abdullah.com.tr\/wp-content\/uploads\/2021\/11\/07-Diplomat.jpg\" data-link=\"https:\/\/abdullah.com.tr\/?attachment_id=259\" class=\"wp-image-259\" srcset=\"https:\/\/abdullah.com.tr\/wp-content\/uploads\/2021\/11\/07-Diplomat.jpg 672w, https:\/\/abdullah.com.tr\/wp-content\/uploads\/2021\/11\/07-Diplomat-300x268.jpg 300w\" sizes=\"auto, (max-width: 672px) 100vw, 672px\" \/><figcaption class=\"blocks-gallery-item__caption\">Diplomat<\/figcaption><\/figure><\/li><li class=\"blocks-gallery-item\"><figure><img loading=\"lazy\" decoding=\"async\" width=\"711\" height=\"600\" src=\"https:\/\/abdullah.com.tr\/wp-content\/uploads\/2021\/11\/06-Pikola.jpg\" alt=\"\" data-id=\"258\" data-full-url=\"https:\/\/abdullah.com.tr\/wp-content\/uploads\/2021\/11\/06-Pikola.jpg\" data-link=\"https:\/\/abdullah.com.tr\/?attachment_id=258\" class=\"wp-image-258\" srcset=\"https:\/\/abdullah.com.tr\/wp-content\/uploads\/2021\/11\/06-Pikola.jpg 711w, https:\/\/abdullah.com.tr\/wp-content\/uploads\/2021\/11\/06-Pikola-300x253.jpg 300w\" sizes=\"auto, (max-width: 711px) 100vw, 711px\" \/><figcaption class=\"blocks-gallery-item__caption\">Pikola<\/figcaption><\/figure><\/li><li class=\"blocks-gallery-item\"><figure><img loading=\"lazy\" decoding=\"async\" width=\"681\" height=\"600\" src=\"https:\/\/abdullah.com.tr\/wp-content\/uploads\/2021\/11\/05-Karaorman.jpg\" alt=\"\" data-id=\"257\" data-full-url=\"https:\/\/abdullah.com.tr\/wp-content\/uploads\/2021\/11\/05-Karaorman.jpg\" data-link=\"https:\/\/abdullah.com.tr\/?attachment_id=257\" class=\"wp-image-257\" srcset=\"https:\/\/abdullah.com.tr\/wp-content\/uploads\/2021\/11\/05-Karaorman.jpg 681w, https:\/\/abdullah.com.tr\/wp-content\/uploads\/2021\/11\/05-Karaorman-300x264.jpg 300w\" sizes=\"auto, (max-width: 681px) 100vw, 681px\" \/><figcaption class=\"blocks-gallery-item__caption\">Karaorman<\/figcaption><\/figure><\/li><li class=\"blocks-gallery-item\"><figure><img loading=\"lazy\" decoding=\"async\" width=\"673\" height=\"600\" src=\"https:\/\/abdullah.com.tr\/wp-content\/uploads\/2021\/11\/04-Meyvali-Sepet.jpg\" alt=\"\" data-id=\"256\" data-full-url=\"https:\/\/abdullah.com.tr\/wp-content\/uploads\/2021\/11\/04-Meyvali-Sepet.jpg\" data-link=\"https:\/\/abdullah.com.tr\/?attachment_id=256\" class=\"wp-image-256\" srcset=\"https:\/\/abdullah.com.tr\/wp-content\/uploads\/2021\/11\/04-Meyvali-Sepet.jpg 673w, https:\/\/abdullah.com.tr\/wp-content\/uploads\/2021\/11\/04-Meyvali-Sepet-300x267.jpg 300w\" sizes=\"auto, (max-width: 673px) 100vw, 673px\" \/><figcaption class=\"blocks-gallery-item__caption\">Meyveli Sepet<\/figcaption><\/figure><\/li><li class=\"blocks-gallery-item\"><figure><img loading=\"lazy\" decoding=\"async\" width=\"651\" height=\"600\" src=\"https:\/\/abdullah.com.tr\/wp-content\/uploads\/2021\/11\/03-Frambuazli.jpg\" alt=\"\" data-id=\"255\" data-full-url=\"https:\/\/abdullah.com.tr\/wp-content\/uploads\/2021\/11\/03-Frambuazli.jpg\" data-link=\"https:\/\/abdullah.com.tr\/?attachment_id=255\" class=\"wp-image-255\" srcset=\"https:\/\/abdullah.com.tr\/wp-content\/uploads\/2021\/11\/03-Frambuazli.jpg 651w, https:\/\/abdullah.com.tr\/wp-content\/uploads\/2021\/11\/03-Frambuazli-300x276.jpg 300w\" sizes=\"auto, (max-width: 651px) 100vw, 651px\" \/><figcaption class=\"blocks-gallery-item__caption\">Frambuazl\u0131<\/figcaption><\/figure><\/li><li class=\"blocks-gallery-item\"><figure><img loading=\"lazy\" decoding=\"async\" width=\"598\" height=\"600\" src=\"https:\/\/abdullah.com.tr\/wp-content\/uploads\/2021\/11\/02-Krokanli.jpg\" alt=\"\" data-id=\"254\" data-full-url=\"https:\/\/abdullah.com.tr\/wp-content\/uploads\/2021\/11\/02-Krokanli.jpg\" data-link=\"https:\/\/abdullah.com.tr\/?attachment_id=254\" class=\"wp-image-254\" srcset=\"https:\/\/abdullah.com.tr\/wp-content\/uploads\/2021\/11\/02-Krokanli.jpg 598w, https:\/\/abdullah.com.tr\/wp-content\/uploads\/2021\/11\/02-Krokanli-300x300.jpg 300w, https:\/\/abdullah.com.tr\/wp-content\/uploads\/2021\/11\/02-Krokanli-150x150.jpg 150w\" sizes=\"auto, (max-width: 598px) 100vw, 598px\" \/><figcaption class=\"blocks-gallery-item__caption\">Krokanl\u0131<\/figcaption><\/figure><\/li><li class=\"blocks-gallery-item\"><figure><img loading=\"lazy\" decoding=\"async\" width=\"687\" height=\"600\" src=\"https:\/\/abdullah.com.tr\/wp-content\/uploads\/2021\/11\/01-Ganaj.jpg\" alt=\"\" data-id=\"253\" data-full-url=\"https:\/\/abdullah.com.tr\/wp-content\/uploads\/2021\/11\/01-Ganaj.jpg\" data-link=\"https:\/\/abdullah.com.tr\/?attachment_id=253\" class=\"wp-image-253\" srcset=\"https:\/\/abdullah.com.tr\/wp-content\/uploads\/2021\/11\/01-Ganaj.jpg 687w, https:\/\/abdullah.com.tr\/wp-content\/uploads\/2021\/11\/01-Ganaj-300x262.jpg 300w\" sizes=\"auto, (max-width: 687px) 100vw, 687px\" \/><figcaption class=\"blocks-gallery-item__caption\">Ganaj<\/figcaption><\/figure><\/li><li class=\"blocks-gallery-item\"><figure><img loading=\"lazy\" decoding=\"async\" width=\"731\" height=\"600\" src=\"https:\/\/abdullah.com.tr\/wp-content\/uploads\/2021\/11\/21-Ekpa.jpg\" alt=\"\" data-id=\"246\" data-full-url=\"https:\/\/abdullah.com.tr\/wp-content\/uploads\/2021\/11\/21-Ekpa.jpg\" data-link=\"https:\/\/abdullah.com.tr\/?attachment_id=246\" class=\"wp-image-246\" srcset=\"https:\/\/abdullah.com.tr\/wp-content\/uploads\/2021\/11\/21-Ekpa.jpg 731w, https:\/\/abdullah.com.tr\/wp-content\/uploads\/2021\/11\/21-Ekpa-300x246.jpg 300w\" sizes=\"auto, (max-width: 731px) 100vw, 731px\" \/><figcaption class=\"blocks-gallery-item__caption\">Ekpa<\/figcaption><\/figure><\/li><li class=\"blocks-gallery-item\"><figure><img loading=\"lazy\" decoding=\"async\" width=\"638\" height=\"600\" src=\"https:\/\/abdullah.com.tr\/wp-content\/uploads\/2021\/11\/19-Muzlu-Cikolatali.jpg\" alt=\"\" data-id=\"244\" data-full-url=\"https:\/\/abdullah.com.tr\/wp-content\/uploads\/2021\/11\/19-Muzlu-Cikolatali.jpg\" data-link=\"https:\/\/abdullah.com.tr\/?attachment_id=244\" class=\"wp-image-244\" srcset=\"https:\/\/abdullah.com.tr\/wp-content\/uploads\/2021\/11\/19-Muzlu-Cikolatali.jpg 638w, https:\/\/abdullah.com.tr\/wp-content\/uploads\/2021\/11\/19-Muzlu-Cikolatali-300x282.jpg 300w\" sizes=\"auto, (max-width: 638px) 100vw, 638px\" \/><figcaption class=\"blocks-gallery-item__caption\">Muzlu \u00c7ikolatal\u0131<\/figcaption><\/figure><\/li><li class=\"blocks-gallery-item\"><figure><img loading=\"lazy\" decoding=\"async\" width=\"688\" height=\"600\" src=\"https:\/\/abdullah.com.tr\/wp-content\/uploads\/2021\/11\/18-Hasbahce.jpg\" alt=\"\" data-id=\"243\" data-full-url=\"https:\/\/abdullah.com.tr\/wp-content\/uploads\/2021\/11\/18-Hasbahce.jpg\" data-link=\"https:\/\/abdullah.com.tr\/?attachment_id=243\" class=\"wp-image-243\" srcset=\"https:\/\/abdullah.com.tr\/wp-content\/uploads\/2021\/11\/18-Hasbahce.jpg 688w, https:\/\/abdullah.com.tr\/wp-content\/uploads\/2021\/11\/18-Hasbahce-300x262.jpg 300w\" sizes=\"auto, (max-width: 688px) 100vw, 688px\" \/><figcaption class=\"blocks-gallery-item__caption\">Hasbah\u00e7e<\/figcaption><\/figure><\/li><li class=\"blocks-gallery-item\"><figure><img loading=\"lazy\" decoding=\"async\" width=\"587\" height=\"600\" src=\"https:\/\/abdullah.com.tr\/wp-content\/uploads\/2021\/11\/17-Kestaneli.jpg\" alt=\"\" data-id=\"242\" data-full-url=\"https:\/\/abdullah.com.tr\/wp-content\/uploads\/2021\/11\/17-Kestaneli.jpg\" data-link=\"https:\/\/abdullah.com.tr\/?attachment_id=242\" class=\"wp-image-242\" srcset=\"https:\/\/abdullah.com.tr\/wp-content\/uploads\/2021\/11\/17-Kestaneli.jpg 587w, https:\/\/abdullah.com.tr\/wp-content\/uploads\/2021\/11\/17-Kestaneli-294x300.jpg 294w\" sizes=\"auto, (max-width: 587px) 100vw, 587px\" \/><figcaption class=\"blocks-gallery-item__caption\">Kestaneli<\/figcaption><\/figure><\/li><li class=\"blocks-gallery-item\"><figure><img loading=\"lazy\" decoding=\"async\" width=\"697\" height=\"600\" src=\"https:\/\/abdullah.com.tr\/wp-content\/uploads\/2021\/11\/16-Frambuazli-Truf.jpg\" alt=\"\" data-id=\"241\" data-full-url=\"https:\/\/abdullah.com.tr\/wp-content\/uploads\/2021\/11\/16-Frambuazli-Truf.jpg\" data-link=\"https:\/\/abdullah.com.tr\/?attachment_id=241\" class=\"wp-image-241\" srcset=\"https:\/\/abdullah.com.tr\/wp-content\/uploads\/2021\/11\/16-Frambuazli-Truf.jpg 697w, https:\/\/abdullah.com.tr\/wp-content\/uploads\/2021\/11\/16-Frambuazli-Truf-300x258.jpg 300w\" sizes=\"auto, (max-width: 697px) 100vw, 697px\" \/><figcaption class=\"blocks-gallery-item__caption\">Frambuazl\u0131 Truf<\/figcaption><\/figure><\/li><li class=\"blocks-gallery-item\"><figure><img loading=\"lazy\" decoding=\"async\" width=\"724\" height=\"600\" src=\"https:\/\/abdullah.com.tr\/wp-content\/uploads\/2021\/11\/15-Visneli-Truf.jpg\" alt=\"\" data-id=\"240\" data-full-url=\"https:\/\/abdullah.com.tr\/wp-content\/uploads\/2021\/11\/15-Visneli-Truf.jpg\" data-link=\"https:\/\/abdullah.com.tr\/?attachment_id=240\" class=\"wp-image-240\" srcset=\"https:\/\/abdullah.com.tr\/wp-content\/uploads\/2021\/11\/15-Visneli-Truf.jpg 724w, https:\/\/abdullah.com.tr\/wp-content\/uploads\/2021\/11\/15-Visneli-Truf-300x249.jpg 300w\" sizes=\"auto, (max-width: 724px) 100vw, 724px\" \/><figcaption class=\"blocks-gallery-item__caption\">Vi\u015fneli Truf<\/figcaption><\/figure><\/li><li class=\"blocks-gallery-item\"><figure><img loading=\"lazy\" decoding=\"async\" width=\"697\" height=\"600\" src=\"https:\/\/abdullah.com.tr\/wp-content\/uploads\/2021\/11\/14-Meyvali-Tart.jpg\" alt=\"\" data-id=\"239\" data-full-url=\"https:\/\/abdullah.com.tr\/wp-content\/uploads\/2021\/11\/14-Meyvali-Tart.jpg\" data-link=\"https:\/\/abdullah.com.tr\/?attachment_id=239\" class=\"wp-image-239\" srcset=\"https:\/\/abdullah.com.tr\/wp-content\/uploads\/2021\/11\/14-Meyvali-Tart.jpg 697w, https:\/\/abdullah.com.tr\/wp-content\/uploads\/2021\/11\/14-Meyvali-Tart-300x258.jpg 300w\" sizes=\"auto, (max-width: 697px) 100vw, 697px\" \/><figcaption class=\"blocks-gallery-item__caption\">Meyveli Tart<\/figcaption><\/figure><\/li><li class=\"blocks-gallery-item\"><figure><img loading=\"lazy\" decoding=\"async\" width=\"640\" height=\"600\" src=\"https:\/\/abdullah.com.tr\/wp-content\/uploads\/2021\/11\/13-Muzlu-Krokanli.jpg\" alt=\"\" data-id=\"238\" data-full-url=\"https:\/\/abdullah.com.tr\/wp-content\/uploads\/2021\/11\/13-Muzlu-Krokanli.jpg\" data-link=\"https:\/\/abdullah.com.tr\/?attachment_id=238\" class=\"wp-image-238\" srcset=\"https:\/\/abdullah.com.tr\/wp-content\/uploads\/2021\/11\/13-Muzlu-Krokanli.jpg 640w, https:\/\/abdullah.com.tr\/wp-content\/uploads\/2021\/11\/13-Muzlu-Krokanli-300x281.jpg 300w\" sizes=\"auto, (max-width: 640px) 100vw, 640px\" \/><figcaption class=\"blocks-gallery-item__caption\">Muzlu Krokanl\u0131<\/figcaption><\/figure><\/li><li class=\"blocks-gallery-item\"><figure><img loading=\"lazy\" decoding=\"async\" width=\"641\" height=\"600\" src=\"https:\/\/abdullah.com.tr\/wp-content\/uploads\/2021\/11\/12-Kestaneli-Moblan.jpg\" alt=\"\" data-id=\"237\" data-full-url=\"https:\/\/abdullah.com.tr\/wp-content\/uploads\/2021\/11\/12-Kestaneli-Moblan.jpg\" data-link=\"https:\/\/abdullah.com.tr\/?attachment_id=237\" class=\"wp-image-237\" srcset=\"https:\/\/abdullah.com.tr\/wp-content\/uploads\/2021\/11\/12-Kestaneli-Moblan.jpg 641w, https:\/\/abdullah.com.tr\/wp-content\/uploads\/2021\/11\/12-Kestaneli-Moblan-300x281.jpg 300w\" sizes=\"auto, (max-width: 641px) 100vw, 641px\" \/><figcaption class=\"blocks-gallery-item__caption\">Kestaneli Moblan<\/figcaption><\/figure><\/li><li class=\"blocks-gallery-item\"><figure><img loading=\"lazy\" decoding=\"async\" width=\"679\" height=\"600\" src=\"https:\/\/abdullah.com.tr\/wp-content\/uploads\/2021\/11\/11-Karabomba.jpg\" alt=\"\" data-id=\"236\" data-full-url=\"https:\/\/abdullah.com.tr\/wp-content\/uploads\/2021\/11\/11-Karabomba.jpg\" data-link=\"https:\/\/abdullah.com.tr\/?attachment_id=236\" class=\"wp-image-236\" srcset=\"https:\/\/abdullah.com.tr\/wp-content\/uploads\/2021\/11\/11-Karabomba.jpg 679w, https:\/\/abdullah.com.tr\/wp-content\/uploads\/2021\/11\/11-Karabomba-300x265.jpg 300w\" sizes=\"auto, (max-width: 679px) 100vw, 679px\" \/><figcaption class=\"blocks-gallery-item__caption\">Karabomba<\/figcaption><\/figure><\/li><li class=\"blocks-gallery-item\"><figure><img loading=\"lazy\" decoding=\"async\" width=\"690\" height=\"600\" src=\"https:\/\/abdullah.com.tr\/wp-content\/uploads\/2021\/11\/10-Cilekli.jpg\" alt=\"\" data-id=\"235\" data-full-url=\"https:\/\/abdullah.com.tr\/wp-content\/uploads\/2021\/11\/10-Cilekli.jpg\" data-link=\"https:\/\/abdullah.com.tr\/?attachment_id=235\" class=\"wp-image-235\" srcset=\"https:\/\/abdullah.com.tr\/wp-content\/uploads\/2021\/11\/10-Cilekli.jpg 690w, https:\/\/abdullah.com.tr\/wp-content\/uploads\/2021\/11\/10-Cilekli-300x261.jpg 300w\" sizes=\"auto, (max-width: 690px) 100vw, 690px\" \/><figcaption class=\"blocks-gallery-item__caption\">\u00c7ilekli<\/figcaption><\/figure><\/li><\/ul><\/figure>\n\n\n\n<figure class=\"wp-block-gallery columns-0 is-cropped wp-block-gallery-2 is-layout-flex wp-block-gallery-is-layout-flex\"><ul class=\"blocks-gallery-grid\"><\/ul><\/figure>\n","protected":false},"excerpt":{"rendered":"Profiteroll\u00fcF\u0131st\u0131kl\u0131 RendeliDiplomatPikolaKaraormanMeyveli SepetFrambuazl\u0131Krokanl\u0131GanajEkpaMuzlu \u00c7ikolatal\u0131Hasbah\u00e7eKestaneliFrambuazl\u0131 TrufVi\u015fneli TrufMeyveli TartMuzlu Krokanl\u0131Kestaneli MoblanKarabomba\u00c7ilekli","protected":false},"author":1,"featured_media":0,"parent":0,"menu_order":0,"comment_status":"closed","ping_status":"closed","template":"","meta":{"footnotes":""},"class_list":["post-372","page","type-page","status-publish","hentry"],"_links":{"self":[{"href":"https:\/\/abdullah.com.tr\/index.php?rest_route=\/wp\/v2\/pages\/372","targetHints":{"allow":["GET"]}}],"collection":[{"href":"https:\/\/abdullah.com.tr\/index.php?rest_route=\/wp\/v2\/pages"}],"about":[{"href":"https:\/\/abdullah.com.tr\/index.php?rest_route=\/wp\/v2\/types\/page"}],"author":[{"embeddable":true,"href":"https:\/\/abdullah.com.tr\/index.php?rest_route=\/wp\/v2\/users\/1"}],"replies":[{"embeddable":true,"href":"https:\/\/abdullah.com.tr\/index.php?rest_route=%2Fwp%2Fv2%2Fcomments&post=372"}],"version-history":[{"count":6,"href":"https:\/\/abdullah.com.tr\/index.php?rest_route=\/wp\/v2\/pages\/372\/revisions"}],"predecessor-version":[{"id":477,"href":"https:\/\/abdullah.com.tr\/index.php?rest_route=\/wp\/v2\/pages\/372\/revisions\/477"}],"wp:attachment":[{"href":"https:\/\/abdullah.com.tr\/index.php?rest_route=%2Fwp%2Fv2%2Fmedia&parent=372"}],"curies":[{"name":"wp","href":"https:\/\/api.w.org\/{rel}","templated":true}]}}