{"id":461,"date":"2021-11-15T15:35:09","date_gmt":"2021-11-15T15:35:09","guid":{"rendered":"https:\/\/abdullah.com.tr\/?page_id=461"},"modified":"2021-11-26T11:08:20","modified_gmt":"2021-11-26T11:08:20","slug":"adet-urunler","status":"publish","type":"page","link":"https:\/\/abdullah.com.tr\/?page_id=461","title":{"rendered":"Adet \u00dcr\u00fcnler"},"content":{"rendered":"\n<figure class=\"wp-block-gallery columns-4 is-cropped wp-block-gallery-1 is-layout-flex wp-block-gallery-is-layout-flex\"><ul class=\"blocks-gallery-grid\"><li class=\"blocks-gallery-item\"><figure><img loading=\"lazy\" decoding=\"async\" width=\"755\" height=\"600\" src=\"https:\/\/abdullah.com.tr\/wp-content\/uploads\/2021\/11\/Talas-Boregi.jpg\" alt=\"\" data-id=\"328\" data-link=\"https:\/\/abdullah.com.tr\/?attachment_id=328\" class=\"wp-image-328\" srcset=\"https:\/\/abdullah.com.tr\/wp-content\/uploads\/2021\/11\/Talas-Boregi.jpg 755w, https:\/\/abdullah.com.tr\/wp-content\/uploads\/2021\/11\/Talas-Boregi-300x238.jpg 300w\" sizes=\"auto, (max-width: 755px) 100vw, 755px\" \/><figcaption class=\"blocks-gallery-item__caption\">Tala\u015f B\u00f6re\u011fi<\/figcaption><\/figure><\/li><li class=\"blocks-gallery-item\"><figure><img loading=\"lazy\" decoding=\"async\" width=\"830\" height=\"600\" src=\"https:\/\/abdullah.com.tr\/wp-content\/uploads\/2021\/11\/Susamli-Kandil-Simidi.jpg\" alt=\"\" data-id=\"327\" data-link=\"https:\/\/abdullah.com.tr\/?attachment_id=327\" class=\"wp-image-327\" srcset=\"https:\/\/abdullah.com.tr\/wp-content\/uploads\/2021\/11\/Susamli-Kandil-Simidi.jpg 830w, https:\/\/abdullah.com.tr\/wp-content\/uploads\/2021\/11\/Susamli-Kandil-Simidi-300x217.jpg 300w, https:\/\/abdullah.com.tr\/wp-content\/uploads\/2021\/11\/Susamli-Kandil-Simidi-768x555.jpg 768w\" sizes=\"auto, (max-width: 830px) 100vw, 830px\" \/><figcaption class=\"blocks-gallery-item__caption\">Susaml\u0131 Kandil Simidi<\/figcaption><\/figure><\/li><li class=\"blocks-gallery-item\"><figure><img loading=\"lazy\" decoding=\"async\" width=\"847\" height=\"600\" src=\"https:\/\/abdullah.com.tr\/wp-content\/uploads\/2021\/11\/Sosisli-Pide.jpg\" alt=\"\" data-id=\"325\" data-link=\"https:\/\/abdullah.com.tr\/?attachment_id=325\" class=\"wp-image-325\" srcset=\"https:\/\/abdullah.com.tr\/wp-content\/uploads\/2021\/11\/Sosisli-Pide.jpg 847w, https:\/\/abdullah.com.tr\/wp-content\/uploads\/2021\/11\/Sosisli-Pide-300x213.jpg 300w, https:\/\/abdullah.com.tr\/wp-content\/uploads\/2021\/11\/Sosisli-Pide-768x544.jpg 768w\" sizes=\"auto, (max-width: 847px) 100vw, 847px\" \/><figcaption class=\"blocks-gallery-item__caption\">Sosisli Pide<\/figcaption><\/figure><\/li><li class=\"blocks-gallery-item\"><figure><img loading=\"lazy\" decoding=\"async\" width=\"750\" height=\"600\" src=\"https:\/\/abdullah.com.tr\/wp-content\/uploads\/2021\/11\/Su-Boregi.jpg\" alt=\"\" data-id=\"326\" data-link=\"https:\/\/abdullah.com.tr\/?attachment_id=326\" class=\"wp-image-326\" srcset=\"https:\/\/abdullah.com.tr\/wp-content\/uploads\/2021\/11\/Su-Boregi.jpg 750w, https:\/\/abdullah.com.tr\/wp-content\/uploads\/2021\/11\/Su-Boregi-300x240.jpg 300w\" sizes=\"auto, (max-width: 750px) 100vw, 750px\" \/><figcaption class=\"blocks-gallery-item__caption\">Su B\u00f6re\u011fi<\/figcaption><\/figure><\/li><li class=\"blocks-gallery-item\"><figure><img loading=\"lazy\" decoding=\"async\" width=\"812\" height=\"600\" src=\"https:\/\/abdullah.com.tr\/wp-content\/uploads\/2021\/11\/Pogaca.jpg\" alt=\"\" data-id=\"324\" data-link=\"https:\/\/abdullah.com.tr\/?attachment_id=324\" class=\"wp-image-324\" srcset=\"https:\/\/abdullah.com.tr\/wp-content\/uploads\/2021\/11\/Pogaca.jpg 812w, https:\/\/abdullah.com.tr\/wp-content\/uploads\/2021\/11\/Pogaca-300x222.jpg 300w, https:\/\/abdullah.com.tr\/wp-content\/uploads\/2021\/11\/Pogaca-768x567.jpg 768w\" sizes=\"auto, (max-width: 812px) 100vw, 812px\" \/><figcaption class=\"blocks-gallery-item__caption\">Po\u011fa\u00e7a<\/figcaption><\/figure><\/li><li class=\"blocks-gallery-item\"><figure><img loading=\"lazy\" decoding=\"async\" width=\"792\" height=\"600\" src=\"https:\/\/abdullah.com.tr\/wp-content\/uploads\/2021\/11\/Peynirli-Pide.jpg\" alt=\"\" data-id=\"323\" data-link=\"https:\/\/abdullah.com.tr\/?attachment_id=323\" class=\"wp-image-323\" srcset=\"https:\/\/abdullah.com.tr\/wp-content\/uploads\/2021\/11\/Peynirli-Pide.jpg 792w, https:\/\/abdullah.com.tr\/wp-content\/uploads\/2021\/11\/Peynirli-Pide-300x227.jpg 300w, https:\/\/abdullah.com.tr\/wp-content\/uploads\/2021\/11\/Peynirli-Pide-768x582.jpg 768w\" sizes=\"auto, (max-width: 792px) 100vw, 792px\" \/><figcaption class=\"blocks-gallery-item__caption\">Peynirli Pide<\/figcaption><\/figure><\/li><li class=\"blocks-gallery-item\"><figure><img loading=\"lazy\" decoding=\"async\" width=\"865\" height=\"600\" src=\"https:\/\/abdullah.com.tr\/wp-content\/uploads\/2021\/11\/Kol-Boredi.jpg\" alt=\"\" data-id=\"321\" data-link=\"https:\/\/abdullah.com.tr\/?attachment_id=321\" class=\"wp-image-321\" srcset=\"https:\/\/abdullah.com.tr\/wp-content\/uploads\/2021\/11\/Kol-Boredi.jpg 865w, https:\/\/abdullah.com.tr\/wp-content\/uploads\/2021\/11\/Kol-Boredi-300x208.jpg 300w, https:\/\/abdullah.com.tr\/wp-content\/uploads\/2021\/11\/Kol-Boredi-768x533.jpg 768w\" sizes=\"auto, (max-width: 865px) 100vw, 865px\" \/><figcaption class=\"blocks-gallery-item__caption\">Kol B\u00f6re\u011fi<\/figcaption><\/figure><\/li><li class=\"blocks-gallery-item\"><figure><img loading=\"lazy\" decoding=\"async\" width=\"703\" height=\"600\" src=\"https:\/\/abdullah.com.tr\/wp-content\/uploads\/2021\/11\/Kiymali-Pizza.jpg\" alt=\"\" data-id=\"320\" data-link=\"https:\/\/abdullah.com.tr\/?attachment_id=320\" class=\"wp-image-320\" srcset=\"https:\/\/abdullah.com.tr\/wp-content\/uploads\/2021\/11\/Kiymali-Pizza.jpg 703w, https:\/\/abdullah.com.tr\/wp-content\/uploads\/2021\/11\/Kiymali-Pizza-300x256.jpg 300w\" sizes=\"auto, (max-width: 703px) 100vw, 703px\" \/><figcaption class=\"blocks-gallery-item__caption\">K\u0131ymal\u0131 Pizza<\/figcaption><\/figure><\/li><li class=\"blocks-gallery-item\"><figure><img loading=\"lazy\" decoding=\"async\" width=\"822\" height=\"600\" src=\"https:\/\/abdullah.com.tr\/wp-content\/uploads\/2021\/11\/Kandil-Simidi.jpg\" alt=\"\" data-id=\"318\" data-link=\"https:\/\/abdullah.com.tr\/?attachment_id=318\" class=\"wp-image-318\" srcset=\"https:\/\/abdullah.com.tr\/wp-content\/uploads\/2021\/11\/Kandil-Simidi.jpg 822w, https:\/\/abdullah.com.tr\/wp-content\/uploads\/2021\/11\/Kandil-Simidi-300x219.jpg 300w, https:\/\/abdullah.com.tr\/wp-content\/uploads\/2021\/11\/Kandil-Simidi-768x561.jpg 768w\" sizes=\"auto, (max-width: 822px) 100vw, 822px\" \/><figcaption class=\"blocks-gallery-item__caption\">Kandil Simidi<\/figcaption><\/figure><\/li><li class=\"blocks-gallery-item\"><figure><img loading=\"lazy\" decoding=\"async\" width=\"841\" height=\"600\" src=\"https:\/\/abdullah.com.tr\/wp-content\/uploads\/2021\/11\/Brovni.jpg\" alt=\"\" data-id=\"314\" data-link=\"https:\/\/abdullah.com.tr\/?attachment_id=314\" class=\"wp-image-314\" srcset=\"https:\/\/abdullah.com.tr\/wp-content\/uploads\/2021\/11\/Brovni.jpg 841w, https:\/\/abdullah.com.tr\/wp-content\/uploads\/2021\/11\/Brovni-300x214.jpg 300w, https:\/\/abdullah.com.tr\/wp-content\/uploads\/2021\/11\/Brovni-768x548.jpg 768w\" sizes=\"auto, (max-width: 841px) 100vw, 841px\" \/><figcaption class=\"blocks-gallery-item__caption\">Browni<\/figcaption><\/figure><\/li><li class=\"blocks-gallery-item\"><figure><img loading=\"lazy\" decoding=\"async\" width=\"754\" height=\"600\" src=\"https:\/\/abdullah.com.tr\/wp-content\/uploads\/2021\/11\/Ay-Coregi.jpg\" alt=\"\" data-id=\"313\" data-link=\"https:\/\/abdullah.com.tr\/?attachment_id=313\" class=\"wp-image-313\" srcset=\"https:\/\/abdullah.com.tr\/wp-content\/uploads\/2021\/11\/Ay-Coregi.jpg 754w, https:\/\/abdullah.com.tr\/wp-content\/uploads\/2021\/11\/Ay-Coregi-300x239.jpg 300w\" sizes=\"auto, (max-width: 754px) 100vw, 754px\" \/><figcaption class=\"blocks-gallery-item__caption\">Ay \u00c7\u00f6re\u011fi<\/figcaption><\/figure><\/li><li class=\"blocks-gallery-item\"><figure><img loading=\"lazy\" decoding=\"async\" width=\"732\" height=\"600\" src=\"https:\/\/abdullah.com.tr\/wp-content\/uploads\/2021\/11\/Acma.jpg\" alt=\"\" data-id=\"312\" data-link=\"https:\/\/abdullah.com.tr\/?attachment_id=312\" class=\"wp-image-312\" srcset=\"https:\/\/abdullah.com.tr\/wp-content\/uploads\/2021\/11\/Acma.jpg 732w, https:\/\/abdullah.com.tr\/wp-content\/uploads\/2021\/11\/Acma-300x246.jpg 300w\" sizes=\"auto, (max-width: 732px) 100vw, 732px\" \/><figcaption class=\"blocks-gallery-item__caption\">A\u00e7ma<\/figcaption><\/figure><\/li><li class=\"blocks-gallery-item\"><figure><img loading=\"lazy\" decoding=\"async\" width=\"816\" height=\"600\" src=\"https:\/\/abdullah.com.tr\/wp-content\/uploads\/2021\/11\/Acibadem-1.jpg\" alt=\"\" data-id=\"311\" data-link=\"https:\/\/abdullah.com.tr\/?attachment_id=311\" class=\"wp-image-311\" srcset=\"https:\/\/abdullah.com.tr\/wp-content\/uploads\/2021\/11\/Acibadem-1.jpg 816w, https:\/\/abdullah.com.tr\/wp-content\/uploads\/2021\/11\/Acibadem-1-300x221.jpg 300w, https:\/\/abdullah.com.tr\/wp-content\/uploads\/2021\/11\/Acibadem-1-768x565.jpg 768w\" sizes=\"auto, (max-width: 816px) 100vw, 816px\" \/><figcaption class=\"blocks-gallery-item__caption\">Ac\u0131badem<\/figcaption><\/figure><\/li><li class=\"blocks-gallery-item\"><figure><img loading=\"lazy\" decoding=\"async\" width=\"600\" height=\"500\" src=\"https:\/\/abdullah.com.tr\/wp-content\/uploads\/2021\/11\/Catal1-1.jpg\" alt=\"\" data-id=\"501\" data-full-url=\"https:\/\/abdullah.com.tr\/wp-content\/uploads\/2021\/11\/Catal1-1.jpg\" data-link=\"https:\/\/abdullah.com.tr\/?attachment_id=501\" class=\"wp-image-501\" srcset=\"https:\/\/abdullah.com.tr\/wp-content\/uploads\/2021\/11\/Catal1-1.jpg 600w, https:\/\/abdullah.com.tr\/wp-content\/uploads\/2021\/11\/Catal1-1-300x250.jpg 300w\" sizes=\"auto, (max-width: 600px) 100vw, 600px\" \/><figcaption class=\"blocks-gallery-item__caption\">\u00c7atal<\/figcaption><\/figure><\/li><li class=\"blocks-gallery-item\"><figure><img loading=\"lazy\" decoding=\"async\" width=\"600\" height=\"529\" src=\"https:\/\/abdullah.com.tr\/wp-content\/uploads\/2021\/11\/Kasarli-Kruvasan1-1.jpg\" alt=\"\" data-id=\"502\" data-full-url=\"https:\/\/abdullah.com.tr\/wp-content\/uploads\/2021\/11\/Kasarli-Kruvasan1-1.jpg\" data-link=\"https:\/\/abdullah.com.tr\/?attachment_id=502\" class=\"wp-image-502\" srcset=\"https:\/\/abdullah.com.tr\/wp-content\/uploads\/2021\/11\/Kasarli-Kruvasan1-1.jpg 600w, https:\/\/abdullah.com.tr\/wp-content\/uploads\/2021\/11\/Kasarli-Kruvasan1-1-300x265.jpg 300w\" sizes=\"auto, (max-width: 600px) 100vw, 600px\" \/><figcaption class=\"blocks-gallery-item__caption\">Ka\u015farl\u0131 Kruvasan<\/figcaption><\/figure><\/li><li class=\"blocks-gallery-item\"><figure><img loading=\"lazy\" decoding=\"async\" width=\"600\" height=\"419\" src=\"https:\/\/abdullah.com.tr\/wp-content\/uploads\/2021\/11\/Paskalya-Coregi1-1.jpg\" alt=\"\" data-id=\"503\" data-full-url=\"https:\/\/abdullah.com.tr\/wp-content\/uploads\/2021\/11\/Paskalya-Coregi1-1.jpg\" data-link=\"https:\/\/abdullah.com.tr\/?attachment_id=503\" class=\"wp-image-503\" srcset=\"https:\/\/abdullah.com.tr\/wp-content\/uploads\/2021\/11\/Paskalya-Coregi1-1.jpg 600w, https:\/\/abdullah.com.tr\/wp-content\/uploads\/2021\/11\/Paskalya-Coregi1-1-300x210.jpg 300w\" sizes=\"auto, (max-width: 600px) 100vw, 600px\" \/><figcaption class=\"blocks-gallery-item__caption\">Paskalya \u00c7\u00f6re\u011fi<\/figcaption><\/figure><\/li><\/ul><\/figure>\n","protected":false},"excerpt":{"rendered":"Tala\u015f B\u00f6re\u011fiSusaml\u0131 Kandil SimidiSosisli PideSu B\u00f6re\u011fiPo\u011fa\u00e7aPeynirli PideKol B\u00f6re\u011fiK\u0131ymal\u0131 PizzaKandil SimidiBrowniAy \u00c7\u00f6re\u011fiA\u00e7maAc\u0131badem\u00c7atalKa\u015farl\u0131 KruvasanPaskalya \u00c7\u00f6re\u011fi","protected":false},"author":1,"featured_media":0,"parent":32,"menu_order":0,"comment_status":"closed","ping_status":"closed","template":"","meta":{"footnotes":""},"class_list":["post-461","page","type-page","status-publish","hentry"],"_links":{"self":[{"href":"https:\/\/abdullah.com.tr\/index.php?rest_route=\/wp\/v2\/pages\/461","targetHints":{"allow":["GET"]}}],"collection":[{"href":"https:\/\/abdullah.com.tr\/index.php?rest_route=\/wp\/v2\/pages"}],"about":[{"href":"https:\/\/abdullah.com.tr\/index.php?rest_route=\/wp\/v2\/types\/page"}],"author":[{"embeddable":true,"href":"https:\/\/abdullah.com.tr\/index.php?rest_route=\/wp\/v2\/users\/1"}],"replies":[{"embeddable":true,"href":"https:\/\/abdullah.com.tr\/index.php?rest_route=%2Fwp%2Fv2%2Fcomments&post=461"}],"version-history":[{"count":6,"href":"https:\/\/abdullah.com.tr\/index.php?rest_route=\/wp\/v2\/pages\/461\/revisions"}],"predecessor-version":[{"id":505,"href":"https:\/\/abdullah.com.tr\/index.php?rest_route=\/wp\/v2\/pages\/461\/revisions\/505"}],"up":[{"embeddable":true,"href":"https:\/\/abdullah.com.tr\/index.php?rest_route=\/wp\/v2\/pages\/32"}],"wp:attachment":[{"href":"https:\/\/abdullah.com.tr\/index.php?rest_route=%2Fwp%2Fv2%2Fmedia&parent=461"}],"curies":[{"name":"wp","href":"https:\/\/api.w.org\/{rel}","templated":true}]}}